{"id":495,"date":"2022-02-26T20:01:22","date_gmt":"2022-02-26T20:01:22","guid":{"rendered":"http:\/\/ekonomska.skolabd.edu.ba\/?page_id=495"},"modified":"2023-01-21T21:32:49","modified_gmt":"2023-01-21T21:32:49","slug":"istorija-historija-povijest-skole","status":"publish","type":"page","link":"http:\/\/ekonomska.skolabd.edu.ba\/index.php\/istorija-historija-povijest-skole\/","title":{"rendered":"ISTORIJA\/HISTORIJA\/POVIJEST \u0160KOLE"},"content":{"rendered":"\r\n<p><a href=\"https:\/\/drive.google.com\/file\/d\/1jxK1-yt7WG24H0kWY2M1taN6VRfwkd5-\/view?usp=drive_web\">MONOGRAFIJA EKONOMSKE \u0160KOLE BR\u010cKO<\/a><\/p>\r\n\r\n\r\n\r\n<p><strong><u>Istorija \u0161kole<\/u><\/strong><\/p>\r\n\r\n\r\n\r\n<p>&nbsp;&nbsp;&nbsp;&nbsp;&nbsp;&nbsp;&nbsp;&nbsp; U dalekoj \u0161kolskoj 1883.\/84. godini, ta\u010dnije u jesen 1883. godine osnovana je prva Trgova\u010dka \u0161kola u Br\u010dkom, a istovremeno i prva srednja \u0161kola te vrste u Bosni i Hercegovini. Ova \u0161kola je otvorena radi osposobljavanja kadrova za vo\u0111enje trgovinskih poslova, koji su u to vrijeme razvijali Br\u010dko brzim tempom. Kadrovi koji su kroz \u0161kolu prolazili veoma su zaslu\u017eni \u0161to se Br\u010dko brzo razvilo u privrednom pogledu i postalo jedno od veoma va\u017enih trgovinsko-privrednih centara Bosne i Hercegovine. Poslije zavr\u0161etka Prvog svjetskog rata u Br\u010dkom nastaje \u0161kolska reforma, \u0161to je \u0161kolske 1919.\/20. godine imalo za rezultat zatvaranje Trgova\u010dke \u0161kole, a umjesto nje osnovana je Ni\u017ea gimnazija. \u0160kolske 1923.\/24. u Br\u010dkom se ponovo otvara prvi razred Trgova\u010dke akademije. Nema podataka koliko je u\u010denika bilo upisano tada, ali imaju podaci da se u \u0161kolsku 1924.\/25. godini u I. i II. razred upisalo ukupno 68 \u0111aka (40 mu\u0161kih i 28 \u017eenskih). Po\u010detkom \u0161kolske 1930\/31. godine Dr\u017eavna trgova\u010dka akademija u Br\u010dkom premje\u0161ta se u Banjaluku, da bi od \u0161kolske 1939.\/40. godine do\u0161lo do njenog ponovnog otvaranja u Br\u010dkom. Akademija je radila i za vrijeme Drugog svjetskog rata, kao i poslije njegovog zavr\u0161etka.<\/p>\r\n\r\n\r\n\r\n<p>&nbsp;&nbsp;&nbsp;&nbsp;&nbsp;&nbsp;&nbsp;&nbsp; \u0160kolske 1950.\/51. godine Trgova\u010dka akademija mijenja svoj naziv u Srednju ekonomsku \u0161kolu da bi od \u0161kolske 1958.\/59. dobila novi naziv Ekonomska \u0161kola u Br\u010dkom. Me\u0111utim, \u0161kolske 1968.\/69. godine pri ovoj \u0161koli otvorena su nova odjeljenja trgovinske i ugostiteljske struke i \u0161kola dobija kona\u010dno ime Ekonomsko-trgovinsko-ugostiteljski \u0161kolski centar u Br\u010dkom. Od tada se u \u0161koli obrazuju ekonomisti , trgovci i ugostitielji. Ova \u0161kola imala je veoma veliki zna\u010daj za privredu, trgovinu i ugostiteljstvo jer je osposobljavala veoma kvalitetne kadrove. \u0160kolske 1982.\/83. godine \u0161kola ponovo mijenja svoj naziv u Centar za usmjereno obrazovanje \u00abBori\u0161a Kova\u010devi\u0107\u00bb u Br\u010dkom i pod tim nazivom radi sve do \u0161kolske 1991.\/92. godine. Od \u0161kolske 2001.\/2002. godine, primjenom novog Zakona o obrazovanju u osnovnim i srednjim \u0161kolama Br\u010dko Distrikta Bosne i Hercegovine, dolazi do integracije \u0161kola i stvaranjem novih nastavnih planova i programa od ove tri srednje \u0161kole nastaje jedna srednja \u0161kola koja radi pod nazivom JU Ekonomska \u0161kola Br\u010dko. Te \u0161kolske godine \u0161kola je imala 1.758 u\u010denika raspore\u0111enih u 62 odjeljenja.<\/p>\r\n\r\n\r\n\r\n<p>&nbsp;&nbsp;&nbsp;&nbsp;&nbsp;&nbsp;&nbsp;&nbsp; U \u0161kolskoj 2016.\/2017. godini ovu \u0161kolu poha\u0111a 727 u\u010denika raspore\u0111enih u 36 odjeljenja. \u0160kola ima biblioteku kabinete za informatiku, kabinet za daktilografiju, kabinete za prakti\u010dnu nastavu i sprotsku dvoranu.<\/p>\r\n\r\n\r\n\r\n<p>&nbsp;&nbsp;&nbsp;&nbsp;&nbsp;&nbsp;&nbsp;&nbsp; Mo\u017eemo re\u0107i da imamo lijepu, veliku i modernu \u0161kolu sa stru\u010dnim i kvalitetnim nastavnim i drugim kadrovima koji omogu\u0107avaju u\u010denicima kvalitetno i stru\u010dno obrazovanje u navedenim zanimanjima- stru\u010dnim zvanjima za kojima te\u017ei razvojni put Br\u010dko distrikta B i H, a time osigurava bolju i sigurniju budu\u0107nost.<\/p>\r\n","protected":false},"excerpt":{"rendered":"<p>MONOGRAFIJA EKONOMSKE \u0160KOLE BR\u010cKO Istorija \u0161kole &nbsp;&nbsp;&nbsp;&nbsp;&nbsp;&nbsp;&nbsp;&nbsp; U dalekoj \u0161kolskoj 1883.\/84. godini, ta\u010dnije u jesen 1883. godine osnovana je prva Trgova\u010dka \u0161kola u Br\u010dkom, a istovremeno i prva srednja \u0161kola te vrste u Bosni i Hercegovini. Ova \u0161kola je otvorena radi osposobljavanja kadrova za vo\u0111enje trgovinskih poslova, koji su u to vrijeme razvijali Br\u010dko brzim&hellip;<\/p>\n","protected":false},"author":1,"featured_media":0,"parent":0,"menu_order":0,"comment_status":"closed","ping_status":"closed","template":"","meta":{"footnotes":""},"class_list":["post-495","page","type-page","status-publish","hentry"],"_links":{"self":[{"href":"http:\/\/ekonomska.skolabd.edu.ba\/index.php\/wp-json\/wp\/v2\/pages\/495","targetHints":{"allow":["GET"]}}],"collection":[{"href":"http:\/\/ekonomska.skolabd.edu.ba\/index.php\/wp-json\/wp\/v2\/pages"}],"about":[{"href":"http:\/\/ekonomska.skolabd.edu.ba\/index.php\/wp-json\/wp\/v2\/types\/page"}],"author":[{"embeddable":true,"href":"http:\/\/ekonomska.skolabd.edu.ba\/index.php\/wp-json\/wp\/v2\/users\/1"}],"replies":[{"embeddable":true,"href":"http:\/\/ekonomska.skolabd.edu.ba\/index.php\/wp-json\/wp\/v2\/comments?post=495"}],"version-history":[{"count":1,"href":"http:\/\/ekonomska.skolabd.edu.ba\/index.php\/wp-json\/wp\/v2\/pages\/495\/revisions"}],"predecessor-version":[{"id":496,"href":"http:\/\/ekonomska.skolabd.edu.ba\/index.php\/wp-json\/wp\/v2\/pages\/495\/revisions\/496"}],"wp:attachment":[{"href":"http:\/\/ekonomska.skolabd.edu.ba\/index.php\/wp-json\/wp\/v2\/media?parent=495"}],"curies":[{"name":"wp","href":"https:\/\/api.w.org\/{rel}","templated":true}]}}