{"id":376,"date":"2022-02-26T20:01:42","date_gmt":"2022-02-26T20:01:42","guid":{"rendered":"http:\/\/ekonomska.skolabd.edu.ba\/?page_id=376"},"modified":"2025-10-09T15:39:09","modified_gmt":"2025-10-09T15:39:09","slug":"zaposleni","status":"publish","type":"page","link":"http:\/\/ekonomska.skolabd.edu.ba\/index.php\/zaposleni\/","title":{"rendered":"ZAPOSLENI"},"content":{"rendered":"<p><em><strong>ime i prezime<\/strong><\/em><\/p>\n<p>ZORA PAJKANOVI\u0106-direktor\/ravnatelj<\/p>\n<p>MEHO KAMENJA\u0160EVI\u0106-pomo\u0107nik direktora\/ravnatelja<\/p>\n<p>MILICA LAKI\u0106-pedagog<\/p>\n<p>MINEL MUJKANOVI\u0106-socijalni pedagog<\/p>\n<p>SA\u0160A DELI\u0106-sekretar\/tajnik<\/p>\n<p>DRAGANA \u0160IFORIJA-referent za u\u010deni\u010dka pitanja<\/p>\n<p>EDIN JA\u0160AREVI\u0106-nastavnik bosanskog jezika<\/p>\n<p>MELIKA PA\u0160ALI\u0106-nastavnik bosanskog jezika<\/p>\n<p>ALMIR DENI\u0106-nastavnik bosanskog jezika<\/p>\n<p>D\u017dANA KRASNI\u0106 MATANOVI\u0106-nastavnik bosanskog jezika<\/p>\n<p>VIJOLA RAJA\u010cI\u0106-nastavnik srpskog jezika<\/p>\n<p>SONJA HIGL-nastavnik srpskog jezika<\/p>\n<p>DALIBORKA BALORDA-nastavnik srpskog jezika<\/p>\n<p>SANJA TANACKOVI\u0106-nastavnik srpskog jezika<\/p>\n<p>MARIJA BUCONJI\u0106-nastavnik hrvatskog jezika<\/p>\n<p>DEJAN PAVLOVI\u0106-nastavnik njema\u010dkog jezika<\/p>\n<p>VAJKA PETROVI\u0106-nastavnik njema\u010dkog jezika<\/p>\n<p>MERSIHA POBRI\u0106-nastavnik njema\u010dkog jezika<\/p>\n<p>MIRZA KARAMEHI\u0106-nastavnik njema\u010dkog jezika<\/p>\n<p>EDINA SKENDEROVI\u0106-nastavnik geografije\/zemljopisa<\/p>\n<p>RADOJICA PJEVI\u0106-nastavnik engleskog jezika<\/p>\n<p>IVONA MIJI\u0106-nastavnik engleskog jezika<\/p>\n<p>MIRSADA PUHOVAC-nastavnik engleskog jezika<\/p>\n<p>RADMILA PAVLOVI\u0106-nastavnik matematike<\/p>\n<p>SLAVOJKA NIKOLI\u0106-nastavnik matematike<\/p>\n<p>MILJANA MI\u0106I\u0106-nastavnik matematike<\/p>\n<p>MIRJANA RADOVANOVI\u0106-nastavnik ekologije<\/p>\n<p>SLOBODAN TRIVUNDI\u0106-nastavnik fizi\u010dkog vaspitanja\/tjelesne kulture<\/p>\n<p>MIRSAD KEVRI\u0106-nastavnik fizi\u010dkog vaspitanja\/tjelesne kulture<\/p>\n<p>JASMINA AKHBAR-nastavnik fizi\u010dkog vaspitanja\/tjelesne kulture<\/p>\n<p>ZORAN MARKOVI\u0106-nastavnik informatike<\/p>\n<p>TATJANA MARJANOVI\u0106-nastavnik informatike<\/p>\n<p>EDINA OMEROVI\u0106-nastavnik informatike<\/p>\n<p>NEDELJKO KLARI\u0106-nastavnik informatike<\/p>\n<p>JASMIN BURI\u0106-nastavnik informatike<\/p>\n<p>LEJLA BARJAKTAREVI\u0106-nastavnik pravne grupe predmeta<\/p>\n<p>SABIRA DUVNJAK-nastavnik pravne grupe predmeta<\/p>\n<p>MAJA RISTANI\u0106 PETROVI\u0106-nastavnik tehnolo\u0161ke grupe predmeta<\/p>\n<p>MIRJANA \u0110URI\u0106-nastavnik sociologije<\/p>\n<p>AMELA JA\u0160AREVI\u0106-nastavnik demokratije<\/p>\n<p>FARIZ MUJKANOVI\u0106-nastavnik ekonomske grupe predmeta<\/p>\n<p>EDVIN MIJKI\u0106-nastavnik ekonomske grupe predmeta<\/p>\n<p>FIKRETA FAZLOVI\u0106-nastavnik ekonomske grupe predmeta<\/p>\n<p>JELENA TRIVUNDI\u0106-nastavnik ekonomske grupe predmeta<\/p>\n<p>ANICA DIMITRIJEVI\u0106-nastavnik ekonomske grupe predmeta<\/p>\n<p>SAVKA MOJI\u0106-nastavnik ekonomske grupe predmeta<\/p>\n<p>KOSANA BO\u017dI\u0106-nastavnik ekonomske grupe predmeta<\/p>\n<p>VERA VASI\u0106-nastavnik ekonomske grupe predmeta<\/p>\n<p>FAKETA HOD\u017dI\u0106-nastavnik ekonomske grupe predmeta<\/p>\n<p>LEJLA MURSELOVI\u0106-nastavnik ekonomske grupe predmeta<\/p>\n<p>VESNA KRAKO-nastavnik ekonomske grupe predmeta<\/p>\n<p>NE\u0110ADA BE\u0160LAGI\u0106-nastavnik ekonomske grupe predmeta<\/p>\n<p>KASIM VEJZOVI\u0106-nastavnik ekonomske grupe predmeta<\/p>\n<p>MLADEN CVJETINOVI\u0106-nastavnik ekonomske grupe predmeta<\/p>\n<p>SNJE\u017dANA MIHAJLOVI\u0106-nastavnik ekonomske grupe predmeta<\/p>\n<p>DRAGANA DODI\u0106-nastavnik ekonomske grupe predmeta<\/p>\n<p>IVAN \u0160AR\u010cEVI\u0106-nastavnik katoli\u010dke vjeronauke<\/p>\n<p>RAMIZ JOLDI\u0106-nastavnik islamske vjeronauke<\/p>\n<p>BORIS SIMIKI\u0106-nastavnik pravoslavne vjeronauke<\/p>\n<p>MILORAD MIHAJLOVI\u0106-saradnik u nastavi<\/p>\n<p>MARKO GAJI\u0106-nastavnik ugostiteljske grupe predmeta<\/p>\n<p>MLADEN BOJI\u0106-nastavnik fizi\u010dkog vaspitanja\/tjelesne kulture<\/p>\n<p>IRMA MAHMUTOVI\u0106-nastavnik bosanskog jezika<\/p>\n<p>GORDAN KRAJI\u0160NIK-nastavnik istorije\/historije\/povjesti<\/p>\n<p>ELVIS ALAGI\u0106-ku\u0107ni majstor<\/p>\n<p>&nbsp;<\/p>\n<p>&nbsp;<\/p>\n<p>&nbsp;<\/p>\n","protected":false},"excerpt":{"rendered":"<p>ime i prezime ZORA PAJKANOVI\u0106-direktor\/ravnatelj MEHO KAMENJA\u0160EVI\u0106-pomo\u0107nik direktora\/ravnatelja MILICA LAKI\u0106-pedagog MINEL MUJKANOVI\u0106-socijalni pedagog SA\u0160A DELI\u0106-sekretar\/tajnik DRAGANA \u0160IFORIJA-referent za u\u010deni\u010dka pitanja EDIN JA\u0160AREVI\u0106-nastavnik bosanskog jezika MELIKA PA\u0160ALI\u0106-nastavnik bosanskog jezika ALMIR DENI\u0106-nastavnik bosanskog jezika D\u017dANA KRASNI\u0106 MATANOVI\u0106-nastavnik bosanskog jezika VIJOLA RAJA\u010cI\u0106-nastavnik srpskog jezika SONJA HIGL-nastavnik srpskog jezika DALIBORKA BALORDA-nastavnik srpskog jezika SANJA TANACKOVI\u0106-nastavnik srpskog jezika MARIJA BUCONJI\u0106-nastavnik&hellip;<\/p>\n","protected":false},"author":1,"featured_media":0,"parent":0,"menu_order":0,"comment_status":"closed","ping_status":"closed","template":"","meta":{"footnotes":""},"class_list":["post-376","page","type-page","status-publish","hentry"],"_links":{"self":[{"href":"http:\/\/ekonomska.skolabd.edu.ba\/index.php\/wp-json\/wp\/v2\/pages\/376","targetHints":{"allow":["GET"]}}],"collection":[{"href":"http:\/\/ekonomska.skolabd.edu.ba\/index.php\/wp-json\/wp\/v2\/pages"}],"about":[{"href":"http:\/\/ekonomska.skolabd.edu.ba\/index.php\/wp-json\/wp\/v2\/types\/page"}],"author":[{"embeddable":true,"href":"http:\/\/ekonomska.skolabd.edu.ba\/index.php\/wp-json\/wp\/v2\/users\/1"}],"replies":[{"embeddable":true,"href":"http:\/\/ekonomska.skolabd.edu.ba\/index.php\/wp-json\/wp\/v2\/comments?post=376"}],"version-history":[{"count":12,"href":"http:\/\/ekonomska.skolabd.edu.ba\/index.php\/wp-json\/wp\/v2\/pages\/376\/revisions"}],"predecessor-version":[{"id":1780,"href":"http:\/\/ekonomska.skolabd.edu.ba\/index.php\/wp-json\/wp\/v2\/pages\/376\/revisions\/1780"}],"wp:attachment":[{"href":"http:\/\/ekonomska.skolabd.edu.ba\/index.php\/wp-json\/wp\/v2\/media?parent=376"}],"curies":[{"name":"wp","href":"https:\/\/api.w.org\/{rel}","templated":true}]}}